{"id":124,"date":"2025-10-02T14:51:19","date_gmt":"2025-10-02T12:51:19","guid":{"rendered":"https:\/\/marevadphotographie.fr\/?page_id=124"},"modified":"2025-10-02T14:51:19","modified_gmt":"2025-10-02T12:51:19","slug":"lunatafoni","status":"publish","type":"page","link":"https:\/\/marevadphotographie.fr\/index.php\/lunatafoni\/","title":{"rendered":"LunaTafoni"},"content":{"rendered":"\n<p>Lunatafoni est une exploration intime des formes que le monde dessine \u2014 ou devine \u2014 entre chair et min\u00e9ral.<\/p>\n\n\n\n<figure class=\"wp-block-image aligncenter size-large is-resized\"><img loading=\"lazy\" decoding=\"async\" width=\"1024\" height=\"683\" src=\"https:\/\/marevadphotographie.fr\/wp-content\/uploads\/2025\/10\/LunaTafoni-17-1024x683.jpg\" alt=\"\" class=\"wp-image-125\" style=\"width:482px;height:auto\" srcset=\"https:\/\/marevadphotographie.fr\/wp-content\/uploads\/2025\/10\/LunaTafoni-17-1024x683.jpg 1024w, https:\/\/marevadphotographie.fr\/wp-content\/uploads\/2025\/10\/LunaTafoni-17-300x200.jpg 300w, https:\/\/marevadphotographie.fr\/wp-content\/uploads\/2025\/10\/LunaTafoni-17-768x512.jpg 768w, https:\/\/marevadphotographie.fr\/wp-content\/uploads\/2025\/10\/LunaTafoni-17.jpg 1500w\" sizes=\"auto, (max-width: 1024px) 100vw, 1024px\" \/><\/figure>\n\n\n\n<p>R\u00e9alis\u00e9e dans la Vall\u00e9e de la Lune, en Sardaigne, cette s\u00e9rie en noir et blanc m\u00eale le grain de la peau \u00e0 celui du granit, sculpt\u00e9 depuis des mill\u00e9naires par le vent, l\u2019eau, le silence. L\u00e0, les tafoni, ces cavit\u00e9s creus\u00e9es dans la roche, deviennent abris imaginaires, niches fossiles, lieux de disparition ou d&rsquo;\u00e9mergence.<\/p>\n\n\n\n<p>Le corps nu, pos\u00e9 contre la pierre, n\u2019imite pas : il s\u2019inscrit, s\u2019efface, joue \u00e0 cache-cache avec les ombres. Il devient trace passag\u00e8re, empreinte vivante, presque g\u00e9ologique. On ne sait plus s\u2019il s\u2019y cache, s\u2019y r\u00e9fugie ou s\u2019il en \u00e9merge.<\/p>\n\n\n\n<figure class=\"wp-block-gallery has-nested-images columns-default is-cropped wp-block-gallery-1 is-layout-flex wp-block-gallery-is-layout-flex\">\n<figure class=\"wp-block-image size-large\"><img loading=\"lazy\" decoding=\"async\" width=\"683\" height=\"1024\" data-id=\"127\" src=\"https:\/\/marevadphotographie.fr\/wp-content\/uploads\/2025\/10\/LunaTafoni-2-683x1024.jpg\" alt=\"\" class=\"wp-image-127\" srcset=\"https:\/\/marevadphotographie.fr\/wp-content\/uploads\/2025\/10\/LunaTafoni-2-683x1024.jpg 683w, https:\/\/marevadphotographie.fr\/wp-content\/uploads\/2025\/10\/LunaTafoni-2-200x300.jpg 200w, https:\/\/marevadphotographie.fr\/wp-content\/uploads\/2025\/10\/LunaTafoni-2-768x1152.jpg 768w, https:\/\/marevadphotographie.fr\/wp-content\/uploads\/2025\/10\/LunaTafoni-2.jpg 1000w\" sizes=\"auto, (max-width: 683px) 100vw, 683px\" \/><\/figure>\n\n\n\n<figure class=\"wp-block-image size-large\"><img loading=\"lazy\" decoding=\"async\" width=\"683\" height=\"1024\" data-id=\"128\" src=\"https:\/\/marevadphotographie.fr\/wp-content\/uploads\/2025\/10\/LunaTafoni-20-1-683x1024.jpg\" alt=\"\" class=\"wp-image-128\" srcset=\"https:\/\/marevadphotographie.fr\/wp-content\/uploads\/2025\/10\/LunaTafoni-20-1-683x1024.jpg 683w, https:\/\/marevadphotographie.fr\/wp-content\/uploads\/2025\/10\/LunaTafoni-20-1-200x300.jpg 200w, https:\/\/marevadphotographie.fr\/wp-content\/uploads\/2025\/10\/LunaTafoni-20-1-768x1151.jpg 768w, https:\/\/marevadphotographie.fr\/wp-content\/uploads\/2025\/10\/LunaTafoni-20-1.jpg 1001w\" sizes=\"auto, (max-width: 683px) 100vw, 683px\" \/><\/figure>\n\n\n\n<figure class=\"wp-block-image size-large\"><img loading=\"lazy\" decoding=\"async\" width=\"683\" height=\"1024\" data-id=\"129\" src=\"https:\/\/marevadphotographie.fr\/wp-content\/uploads\/2025\/10\/LunaTafoni-21-683x1024.jpg\" alt=\"\" class=\"wp-image-129\" srcset=\"https:\/\/marevadphotographie.fr\/wp-content\/uploads\/2025\/10\/LunaTafoni-21-683x1024.jpg 683w, https:\/\/marevadphotographie.fr\/wp-content\/uploads\/2025\/10\/LunaTafoni-21-200x300.jpg 200w, https:\/\/marevadphotographie.fr\/wp-content\/uploads\/2025\/10\/LunaTafoni-21-768x1151.jpg 768w, https:\/\/marevadphotographie.fr\/wp-content\/uploads\/2025\/10\/LunaTafoni-21.jpg 1001w\" sizes=\"auto, (max-width: 683px) 100vw, 683px\" \/><\/figure>\n<\/figure>\n\n\n\n<p>Lunatafoni est un mot invent\u00e9, entre Luna et Tafoni. Entre l\u2019astre froid et le creux chaud, entre l\u2019invisible et la mati\u00e8re. Un mot-paysage, un mot-refuge.<\/p>\n\n\n\n<figure class=\"wp-block-image aligncenter size-large is-resized\"><img loading=\"lazy\" decoding=\"async\" width=\"1024\" height=\"683\" src=\"https:\/\/marevadphotographie.fr\/wp-content\/uploads\/2025\/10\/LunaTafoni-1-1024x683.jpg\" alt=\"\" class=\"wp-image-130\" style=\"width:536px;height:auto\" srcset=\"https:\/\/marevadphotographie.fr\/wp-content\/uploads\/2025\/10\/LunaTafoni-1-1024x683.jpg 1024w, https:\/\/marevadphotographie.fr\/wp-content\/uploads\/2025\/10\/LunaTafoni-1-300x200.jpg 300w, https:\/\/marevadphotographie.fr\/wp-content\/uploads\/2025\/10\/LunaTafoni-1-768x512.jpg 768w, https:\/\/marevadphotographie.fr\/wp-content\/uploads\/2025\/10\/LunaTafoni-1.jpg 1500w\" sizes=\"auto, (max-width: 1024px) 100vw, 1024px\" \/><\/figure>\n","protected":false},"excerpt":{"rendered":"<p>Lunatafoni est une exploration intime des formes que le monde dessine \u2014 ou devine \u2014 entre chair et min\u00e9ral. R\u00e9alis\u00e9e dans la Vall\u00e9e de la Lune, en Sardaigne, cette s\u00e9rie en noir et blanc m\u00eale le grain de la peau \u00e0 celui du granit, sculpt\u00e9 depuis des mill\u00e9naires par le vent, l\u2019eau, le silence. L\u00e0, [&hellip;]<\/p>\n","protected":false},"author":1,"featured_media":0,"parent":0,"menu_order":0,"comment_status":"closed","ping_status":"closed","template":"","meta":{"footnotes":""},"class_list":["post-124","page","type-page","status-publish","hentry"],"_links":{"self":[{"href":"https:\/\/marevadphotographie.fr\/index.php\/wp-json\/wp\/v2\/pages\/124","targetHints":{"allow":["GET"]}}],"collection":[{"href":"https:\/\/marevadphotographie.fr\/index.php\/wp-json\/wp\/v2\/pages"}],"about":[{"href":"https:\/\/marevadphotographie.fr\/index.php\/wp-json\/wp\/v2\/types\/page"}],"author":[{"embeddable":true,"href":"https:\/\/marevadphotographie.fr\/index.php\/wp-json\/wp\/v2\/users\/1"}],"replies":[{"embeddable":true,"href":"https:\/\/marevadphotographie.fr\/index.php\/wp-json\/wp\/v2\/comments?post=124"}],"version-history":[{"count":1,"href":"https:\/\/marevadphotographie.fr\/index.php\/wp-json\/wp\/v2\/pages\/124\/revisions"}],"predecessor-version":[{"id":131,"href":"https:\/\/marevadphotographie.fr\/index.php\/wp-json\/wp\/v2\/pages\/124\/revisions\/131"}],"wp:attachment":[{"href":"https:\/\/marevadphotographie.fr\/index.php\/wp-json\/wp\/v2\/media?parent=124"}],"curies":[{"name":"wp","href":"https:\/\/api.w.org\/{rel}","templated":true}]}}