{"id":24,"date":"2024-02-09T14:03:49","date_gmt":"2024-02-09T13:03:49","guid":{"rendered":"https:\/\/marevadphotographie.fr\/?page_id=24"},"modified":"2024-02-09T14:05:04","modified_gmt":"2024-02-09T13:05:04","slug":"inside-obscura","status":"publish","type":"page","link":"https:\/\/marevadphotographie.fr\/index.php\/inside-obscura\/","title":{"rendered":"Inside Obscura"},"content":{"rendered":"\n<p>En utilisant le principe de la camera obscura, la s\u00e9rie \u00ab Inside Obscura \u00bb invite le lecteur pour un voyage contemplatif \u00e0 l\u2019int\u00e9rieur d\u2019un appareil photo. Sans aucune technologie, l\u2019ext\u00e9rieur est ainsi projet\u00e9 dans la pi\u00e8ce, animant les murs et le plafond au gr\u00e8s des nuages qui d\u00e9filent.<\/p>\n\n\n\n<figure class=\"wp-block-gallery has-nested-images columns-default is-cropped wp-block-gallery-1 is-layout-flex wp-block-gallery-is-layout-flex\">\n<figure class=\"wp-block-image size-large\"><img loading=\"lazy\" decoding=\"async\" width=\"1024\" height=\"682\" data-id=\"27\" src=\"https:\/\/marevadphotographie.fr\/wp-content\/uploads\/2024\/02\/3-1024x682.jpg\" alt=\"\" class=\"wp-image-27\" srcset=\"https:\/\/marevadphotographie.fr\/wp-content\/uploads\/2024\/02\/3-1024x682.jpg 1024w, https:\/\/marevadphotographie.fr\/wp-content\/uploads\/2024\/02\/3-300x200.jpg 300w, https:\/\/marevadphotographie.fr\/wp-content\/uploads\/2024\/02\/3-768x512.jpg 768w, https:\/\/marevadphotographie.fr\/wp-content\/uploads\/2024\/02\/3-1536x1024.jpg 1536w, https:\/\/marevadphotographie.fr\/wp-content\/uploads\/2024\/02\/3.jpg 2000w\" sizes=\"auto, (max-width: 1024px) 100vw, 1024px\" \/><\/figure>\n\n\n\n<figure class=\"wp-block-image size-large\"><img loading=\"lazy\" decoding=\"async\" width=\"1024\" height=\"684\" data-id=\"26\" src=\"https:\/\/marevadphotographie.fr\/wp-content\/uploads\/2024\/02\/5-1024x684.jpg\" alt=\"\" class=\"wp-image-26\" srcset=\"https:\/\/marevadphotographie.fr\/wp-content\/uploads\/2024\/02\/5-1024x684.jpg 1024w, https:\/\/marevadphotographie.fr\/wp-content\/uploads\/2024\/02\/5-300x200.jpg 300w, https:\/\/marevadphotographie.fr\/wp-content\/uploads\/2024\/02\/5-768x513.jpg 768w, https:\/\/marevadphotographie.fr\/wp-content\/uploads\/2024\/02\/5-1536x1025.jpg 1536w, https:\/\/marevadphotographie.fr\/wp-content\/uploads\/2024\/02\/5.jpg 2000w\" sizes=\"auto, (max-width: 1024px) 100vw, 1024px\" \/><\/figure>\n<\/figure>\n\n\n\n<p>Une pi\u00e8ce noire, isol\u00e9e de la lumi\u00e8re, \u00e0 l\u2019exception d\u2019une minuscule entr\u00e9e lumineuse. Le silence. Je m\u2019assieds et attends que mes yeux s\u2019habituent \u00e0 l\u2019obscurit\u00e9. Sur les murs, le dehors se d\u00e9ploie.<\/p>\n\n\n\n<p>La pi\u00e8ce se transforme au gr\u00e8s de la camera obscura, et m\u2019offre un nouveau d\u00e9cor, superposition de deux r\u00e9alit\u00e9s. Je pense \u00e0 ces peintres de la Renaissance qui utilisaient d\u00e9j\u00e0 cette technique&nbsp;: ont-ils eu ce m\u00eame frisson d\u2019\u00e9merveillement&nbsp;?<\/p>\n\n\n\n<p><\/p>\n\n\n\n<p><\/p>\n\n\n\n<blockquote class=\"wp-block-quote is-layout-flow wp-block-quote-is-layout-flow\">\n<p>Je me laisse impr\u00e9gner par ce nouvel univers \u00e9ph\u00e9m\u00e8re \u00e0 la crois\u00e9e des r\u00e9alit\u00e9s. Solitude, m\u00e9lancolie, r\u00eaverie\u00a0: un th\u00e9\u00e2tre sombre et silencieux dans lequel l\u2019humain doit trouver sa place. Le temps se fige. Trente secondes passent. Je retiens ma respiration et m\u2019embarque pour un nouveau voyage introspectif<\/p>\n<\/blockquote>\n\n\n\n<p><\/p>\n\n\n\n<blockquote class=\"wp-block-quote is-layout-flow wp-block-quote-is-layout-flow\">\n<p><\/p>\n\n\n\n<p><\/p>\n<\/blockquote>\n\n\n\n<figure class=\"wp-block-image size-large\"><img loading=\"lazy\" decoding=\"async\" width=\"1024\" height=\"683\" src=\"https:\/\/marevadphotographie.fr\/wp-content\/uploads\/2024\/02\/CO-Chateau-Voltaire-1-1024x683.jpg\" alt=\"\" class=\"wp-image-29\" srcset=\"https:\/\/marevadphotographie.fr\/wp-content\/uploads\/2024\/02\/CO-Chateau-Voltaire-1-1024x683.jpg 1024w, https:\/\/marevadphotographie.fr\/wp-content\/uploads\/2024\/02\/CO-Chateau-Voltaire-1-300x200.jpg 300w, https:\/\/marevadphotographie.fr\/wp-content\/uploads\/2024\/02\/CO-Chateau-Voltaire-1-768x512.jpg 768w, https:\/\/marevadphotographie.fr\/wp-content\/uploads\/2024\/02\/CO-Chateau-Voltaire-1-1536x1024.jpg 1536w, https:\/\/marevadphotographie.fr\/wp-content\/uploads\/2024\/02\/CO-Chateau-Voltaire-1-2048x1366.jpg 2048w\" sizes=\"auto, (max-width: 1024px) 100vw, 1024px\" \/><\/figure>\n","protected":false},"excerpt":{"rendered":"<p>En utilisant le principe de la camera obscura, la s\u00e9rie \u00ab Inside Obscura \u00bb invite le lecteur pour un voyage contemplatif \u00e0 l\u2019int\u00e9rieur d\u2019un appareil photo. Sans aucune technologie, l\u2019ext\u00e9rieur est ainsi projet\u00e9 dans la pi\u00e8ce, animant les murs et le plafond au gr\u00e8s des nuages qui d\u00e9filent. Une pi\u00e8ce noire, isol\u00e9e de la lumi\u00e8re, [&hellip;]<\/p>\n","protected":false},"author":1,"featured_media":0,"parent":0,"menu_order":0,"comment_status":"closed","ping_status":"closed","template":"","meta":{"footnotes":""},"class_list":["post-24","page","type-page","status-publish","hentry"],"_links":{"self":[{"href":"https:\/\/marevadphotographie.fr\/index.php\/wp-json\/wp\/v2\/pages\/24","targetHints":{"allow":["GET"]}}],"collection":[{"href":"https:\/\/marevadphotographie.fr\/index.php\/wp-json\/wp\/v2\/pages"}],"about":[{"href":"https:\/\/marevadphotographie.fr\/index.php\/wp-json\/wp\/v2\/types\/page"}],"author":[{"embeddable":true,"href":"https:\/\/marevadphotographie.fr\/index.php\/wp-json\/wp\/v2\/users\/1"}],"replies":[{"embeddable":true,"href":"https:\/\/marevadphotographie.fr\/index.php\/wp-json\/wp\/v2\/comments?post=24"}],"version-history":[{"count":2,"href":"https:\/\/marevadphotographie.fr\/index.php\/wp-json\/wp\/v2\/pages\/24\/revisions"}],"predecessor-version":[{"id":31,"href":"https:\/\/marevadphotographie.fr\/index.php\/wp-json\/wp\/v2\/pages\/24\/revisions\/31"}],"wp:attachment":[{"href":"https:\/\/marevadphotographie.fr\/index.php\/wp-json\/wp\/v2\/media?parent=24"}],"curies":[{"name":"wp","href":"https:\/\/api.w.org\/{rel}","templated":true}]}}